{"id":2543,"date":"2026-04-16T20:22:02","date_gmt":"2026-04-16T20:22:02","guid":{"rendered":"https:\/\/moulindecharrier.com\/allgemeine-geschaeftsbedingungen-agb\/"},"modified":"2026-04-28T11:10:53","modified_gmt":"2026-04-28T11:10:53","slug":"allgemeine-geschaeftsbedingungen-agb","status":"publish","type":"page","link":"https:\/\/moulindecharrier.com\/de\/allgemeine-geschaeftsbedingungen-agb\/","title":{"rendered":"Allgemeine Gesch\u00e4ftsbedingungen (AGB)"},"content":{"rendered":"<p>[et_pb_section fb_built=&#8220;1&#8243; module_class=&#8220;section-menu-lateral&#8220; _builder_version=&#8220;4.27.6&#8243; _module_preset=&#8220;default&#8220; global_colors_info=&#8220;{}&#8220;][et_pb_row _builder_version=&#8220;4.27.6&#8243; _module_preset=&#8220;default&#8220; global_colors_info=&#8220;{}&#8220;][et_pb_column type=&#8220;4_4&#8243; _builder_version=&#8220;4.27.6&#8243; _module_preset=&#8220;default&#8220; global_colors_info=&#8220;{}&#8220;][et_pb_code _builder_version=&#8220;4.27.6&#8243; _module_preset=&#8220;default&#8220; global_colors_info=&#8220;{}&#8220;]<script><!-- [et_pb_line_break_holder] -->  var menuLateral = document.createElement('div');<!-- [et_pb_line_break_holder] -->  menuLateral.className = 'menu-lateral';<!-- [et_pb_line_break_holder] -->  menuLateral.innerHTML = `<!-- [et_pb_line_break_holder] -->    <a href=\"\/hebergements\">H\u00e9bergements<\/a><!-- [et_pb_line_break_holder] -->    <a href=\"https:\/\/moulindecharrier.com\/de\/auberge\/\">Auberge<\/a><!-- [et_pb_line_break_holder] -->    <a href=\"\/activites\">Activit\u00e9s<\/a><!-- [et_pb_line_break_holder] -->    <a href=\"https:\/\/moulindecharrier.com\/de\/kontakt\/\">Contact<\/a><!-- [et_pb_line_break_holder] -->  `;<!-- [et_pb_line_break_holder] -->  document.body.appendChild(menuLateral);<!-- [et_pb_line_break_holder] --><\/script>[\/et_pb_code][\/et_pb_column][\/et_pb_row][\/et_pb_section][et_pb_section fb_built=&#8220;1&#8243; _builder_version=&#8220;4.27.6&#8243; _module_preset=&#8220;default&#8220; background_color=&#8220;#edf0df&#8220; custom_margin=&#8220;||20px||false|false&#8220; custom_padding=&#8220;||80px||false|false&#8220; global_colors_info=&#8220;{}&#8220;][et_pb_row _builder_version=&#8220;4.27.6&#8243; _module_preset=&#8220;default&#8220; global_colors_info=&#8220;{}&#8220;][et_pb_column type=&#8220;4_4&#8243; _builder_version=&#8220;4.27.6&#8243; _module_preset=&#8220;default&#8220; global_colors_info=&#8220;{}&#8220;][et_pb_heading title=&#8220;Allgemeine Gesch\u00e4ftsbedingungen (AGB)&#8220; _builder_version=&#8220;4.27.6&#8243; _module_preset=&#8220;default&#8220; title_font=&#8220;|||on|||||&#8220; title_text_align=&#8220;center&#8220; title_text_color=&#8220;#363836&#8243; title_font_size=&#8220;60px&#8220; hover_enabled=&#8220;0&#8243; global_colors_info=&#8220;{}&#8220; title_font_size_last_edited=&#8220;on|phone&#8220; sticky_enabled=&#8220;0&#8243; title_font_size_phone=&#8220;47px&#8220; title_font_size_tablet=&#8220;60px&#8220;][\/et_pb_heading][et_pb_text _builder_version=&#8220;4.27.6&#8243; _module_preset=&#8220;default&#8220; text_font=&#8220;&#8211;et_global_body_font|500|||||||&#8220; text_text_color=&#8220;#17181a&#8220; text_orientation=&#8220;center&#8220; global_colors_info=&#8220;{}&#8220;]<\/p>\n<p><strong>1. Gegenstand<\/strong> <br \/>Die vorliegenden Allgemeinen Gesch\u00e4ftsbedingungen (AGB) legen die Rechte und Pflichten der Parteien im Rahmen der Buchung von Unterkunftsleistungen fest, die von der SARL Domaine de Charrier angeboten werden (G\u00eete, Bed &amp; Breakfast, Naturcampingplatz, Gasthof).<br \/><strong>2. Buchungen<\/strong><br \/>Buchungen k\u00f6nnen \u00fcber die Website, per Telefon oder per E-Mail vorgenommen werden. Jede Buchung gilt als verbindlich nach Best\u00e4tigung durch die SARL Domaine de Charrier und gegebenenfalls nach Eingang einer Anzahlung.<br \/><strong>3. Preise<\/strong><br \/>Die Preise sind in Euro (\u20ac) angegeben und k\u00f6nnen jederzeit ge\u00e4ndert werden. Le prEs gilt der Preis, der zum Zeitpunkt der Buchung g\u00fcltig ist.ix applicable est celui en vigueur au moment de la r\u00e9servation.<br \/><strong>4. Zahlungsmodalit\u00e4ten<\/strong><br \/>Die Zahlung kann per \u00dcberweisung, Bargeld, Bankkarte oder Urlaubsscheck erfolgen. Eine Anzahlung von 30 % ist bei der Buchung zu leisten, gefolgt von einer zweiten Anzahlung von 50 % einen Monat vor Ihrer Ankunft. Der Restbetrag sowie die Kurtaxe sind bei der Ankunft zu begleichen.<br \/><strong>5. Stornierung<\/strong><br \/>Stornierungsbedingungen durch den Kunden Stornierungen m\u00fcssen per E-Mail mitgeteilt werden. R\u00fcckerstattungen erfolgen gem\u00e4\u00df folgendem Zeitplan:<\/p>\n<p>Stornierung mehr als 30 Tage vor dem Anreisedatum: Die bei der Buchung geleistete Anzahlung von 30 % wird einbehalten und nicht erstattet.<\/p>\n<p>Stornierung zwischen 30 und 15 Tagen vor dem Anreisedatum: 50 % des Gesamtbetrags des Aufenthalts sind geschuldet. Wurden h\u00f6here Betr\u00e4ge gezahlt, wird der \u00dcberschuss erstattet.<\/p>\n<p>Stornierung weniger als 15 Tage vor dem Anreisedatum: 80 % des Gesamtbetrags des Aufenthalts sind geschuldet. Es erfolgt keine R\u00fcckerstattung, wenn der bereits gezahlte Betrag diese Summe abdeckt.<\/p>\n<p>Stornierung weniger als 7 Tage vor dem Anreisedatum: Der verbleibende Betrag des Aufenthalts ist vollst\u00e4ndig geschuldet.<br \/>Im Falle einer Stornierung kann der Aufenthalt auf einen sp\u00e4teren Zeitpunkt verschoben werden, vorbehaltlich der Verf\u00fcgbarkeit und nach Zustimmung des Gesch\u00e4ftsf\u00fchrers.<\/p>\n<p>Im Falle eines Nichterscheinens (No-Show): Der gesamte Aufenthaltsbetrag kann eingefordert werden. Meldet sich der Mieter nicht innerhalb von 24 Stunden nach dem im Vertrag angegebenen Anreisedatum, wird der Vertrag nichtig und der Gesch\u00e4ftsf\u00fchrer kann \u00fcber die Unterkunft verf\u00fcgen.<\/p>\n<p>Vorzeitige Abreise: <br \/>Jeder begonnene Aufenthalt ist vollst\u00e4ndig zu bezahlen.<br \/>Stornierung durch den Betrieb <br \/>Im Falle einer Stornierung durch die SARL Domaine de Charrier werden alle geleisteten Zahlungen vollst\u00e4ndig erstattet. Zus\u00e4tzlich wird eine Entsch\u00e4digung in H\u00f6he der zum jeweiligen Zeitpunkt f\u00fcr den Kunden geltenden Stornogeb\u00fchren geleistet. Das Widerrufsrecht des Verbrauchers gilt gem\u00e4\u00df Artikel L.221-28 des franz\u00f6sischen Verbrauchergesetzbuchs nicht f\u00fcr Unterkunftsleistungen. Kunden werden gebeten, ihre Buchung zu \u00fcberpr\u00fcfen und etwaige Fehler so schnell wie m\u00f6glich zu melden.<br \/><strong>6. Aufenthalt<\/strong><br \/>Die Ankunfts- und Abfahrtszeiten sind wie folgt: <br \/>Ankunft im G\u00eete: 16:00 Uhr Abfahrt vom G\u00eete: 10:00 Uhr <br \/>Ankunft auf dem Campingplatz: 15:00 Uhr Abfahrt vom Campingplatz: 11:00 Uhr <br \/>Der Kunde verpflichtet sich, die R\u00e4umlichkeiten und die Hausordnung zu respektieren.<br \/><strong>7. Haftung<\/strong><br \/>Die SARL Domaine de Charrier haftet nicht f\u00fcr Verlust, Diebstahl oder Besch\u00e4digung pers\u00f6nlicher Gegenst\u00e4nde der G\u00e4ste.<br \/><strong>8. Pers\u00f6nliche Daten<\/strong> <br \/>Die erhobenen Informationen werden ausschlie\u00dflich im Rahmen der Buchungsverwaltung verwendet und gem\u00e4\u00df der Datenschutzrichtlinie der Website verarbeitet.<br \/><strong>9. Streitigkeiten<\/strong> <br \/>Die vorliegenden AGB unterliegen franz\u00f6sischem Recht. <br \/>Im Streitfall wird vorrangig eine g\u00fctliche Einigung angestrebt. <br \/>Andernfalls werden die zust\u00e4ndigen Gerichte gem\u00e4\u00df den geltenden gesetzlichen Vorschriften angerufen.<br \/><strong>10. Annahme der AGB<\/strong> <br \/>Jede Buchung setzt die vollst\u00e4ndige und vorbehaltlose Annahme der vorliegenden Allgemeinen Gesch\u00e4ftsbedingungen voraus.<\/p>\n<p>[\/et_pb_text][\/et_pb_column][\/et_pb_row][\/et_pb_section]<\/p>\n","protected":false},"excerpt":{"rendered":"<p>1. Gegenstand Die vorliegenden Allgemeinen Gesch\u00e4ftsbedingungen (AGB) legen die Rechte und Pflichten der Parteien im Rahmen der Buchung von Unterkunftsleistungen fest, die von der SARL Domaine de Charrier angeboten werden (G\u00eete, Bed &amp; Breakfast, Naturcampingplatz, Gasthof).2. BuchungenBuchungen k\u00f6nnen \u00fcber die Website, per Telefon oder per E-Mail vorgenommen werden. Jede Buchung gilt als verbindlich nach Best\u00e4tigung [&hellip;]<\/p>\n","protected":false},"author":1,"featured_media":0,"parent":0,"menu_order":0,"comment_status":"closed","ping_status":"closed","template":"","meta":{"_et_pb_use_builder":"on","_et_pb_old_content":"","_et_gb_content_width":"","footnotes":""},"class_list":["post-2543","page","type-page","status-publish","hentry"],"_links":{"self":[{"href":"https:\/\/moulindecharrier.com\/de\/wp-json\/wp\/v2\/pages\/2543","targetHints":{"allow":["GET"]}}],"collection":[{"href":"https:\/\/moulindecharrier.com\/de\/wp-json\/wp\/v2\/pages"}],"about":[{"href":"https:\/\/moulindecharrier.com\/de\/wp-json\/wp\/v2\/types\/page"}],"author":[{"embeddable":true,"href":"https:\/\/moulindecharrier.com\/de\/wp-json\/wp\/v2\/users\/1"}],"replies":[{"embeddable":true,"href":"https:\/\/moulindecharrier.com\/de\/wp-json\/wp\/v2\/comments?post=2543"}],"version-history":[{"count":4,"href":"https:\/\/moulindecharrier.com\/de\/wp-json\/wp\/v2\/pages\/2543\/revisions"}],"predecessor-version":[{"id":2958,"href":"https:\/\/moulindecharrier.com\/de\/wp-json\/wp\/v2\/pages\/2543\/revisions\/2958"}],"wp:attachment":[{"href":"https:\/\/moulindecharrier.com\/de\/wp-json\/wp\/v2\/media?parent=2543"}],"curies":[{"name":"wp","href":"https:\/\/api.w.org\/{rel}","templated":true}]}}