{"id":2664,"date":"2026-04-16T20:13:45","date_gmt":"2026-04-16T20:13:45","guid":{"rendered":"https:\/\/moulindecharrier.com\/datenschutzrichtlinie\/"},"modified":"2026-04-28T12:24:35","modified_gmt":"2026-04-28T12:24:35","slug":"datenschutzrichtlinie","status":"publish","type":"page","link":"https:\/\/moulindecharrier.com\/de\/datenschutzrichtlinie\/","title":{"rendered":"Datenschutzrichtlinie"},"content":{"rendered":"<p>[et_pb_section fb_built=&#8220;1&#8243; module_class=&#8220;section-menu-lateral&#8220; _builder_version=&#8220;4.27.6&#8243; _module_preset=&#8220;default&#8220; global_colors_info=&#8220;{}&#8220;][et_pb_row _builder_version=&#8220;4.27.6&#8243; _module_preset=&#8220;default&#8220; global_colors_info=&#8220;{}&#8220;][et_pb_column type=&#8220;4_4&#8243; _builder_version=&#8220;4.27.6&#8243; _module_preset=&#8220;default&#8220; global_colors_info=&#8220;{}&#8220;][et_pb_code _builder_version=&#8220;4.27.6&#8243; _module_preset=&#8220;default&#8220; global_colors_info=&#8220;{}&#8220;]<script><!-- [et_pb_line_break_holder] -->  var menuLateral = document.createElement('div');<!-- [et_pb_line_break_holder] -->  menuLateral.className = 'menu-lateral';<!-- [et_pb_line_break_holder] -->  menuLateral.innerHTML = `<!-- [et_pb_line_break_holder] -->    <a href=\"\/hebergements\">H\u00e9bergements<\/a><!-- [et_pb_line_break_holder] -->    <a href=\"https:\/\/moulindecharrier.com\/de\/auberge\/\">Auberge<\/a><!-- [et_pb_line_break_holder] -->    <a href=\"\/activites\">Activit\u00e9s<\/a><!-- [et_pb_line_break_holder] -->    <a href=\"https:\/\/moulindecharrier.com\/de\/kontakt\/\">Contact<\/a><!-- [et_pb_line_break_holder] -->  `;<!-- [et_pb_line_break_holder] -->  document.body.appendChild(menuLateral);<!-- [et_pb_line_break_holder] --><\/script>[\/et_pb_code][\/et_pb_column][\/et_pb_row][\/et_pb_section][et_pb_section fb_built=&#8220;1&#8243; _builder_version=&#8220;4.27.6&#8243; _module_preset=&#8220;default&#8220; background_color=&#8220;#edf0df&#8220; custom_margin=&#8220;||20px||false|false&#8220; custom_padding=&#8220;||80px||false|false&#8220; global_colors_info=&#8220;{}&#8220;][et_pb_row _builder_version=&#8220;4.27.6&#8243; _module_preset=&#8220;default&#8220; global_colors_info=&#8220;{}&#8220;][et_pb_column type=&#8220;4_4&#8243; _builder_version=&#8220;4.27.6&#8243; _module_preset=&#8220;default&#8220; global_colors_info=&#8220;{}&#8220;][et_pb_heading title=&#8220;Datenschutzrichtlinie&#8220; _builder_version=&#8220;4.27.6&#8243; _module_preset=&#8220;default&#8220; title_font=&#8220;|||on|||||&#8220; title_text_align=&#8220;center&#8220; title_text_color=&#8220;#363836&#8243; title_font_size=&#8220;60px&#8220; hover_enabled=&#8220;0&#8243; global_colors_info=&#8220;{}&#8220; title_font_size_last_edited=&#8220;on|phone&#8220; sticky_enabled=&#8220;0&#8243; title_font_size_phone=&#8220;37px&#8220; title_font_size_tablet=&#8220;60px&#8220;][\/et_pb_heading][et_pb_text _builder_version=&#8220;4.27.6&#8243; _module_preset=&#8220;default&#8220; text_font=&#8220;&#8211;et_global_body_font|500|||||||&#8220; text_text_color=&#8220;#17181a&#8220; text_orientation=&#8220;center&#8220; global_colors_info=&#8220;{}&#8220;]<\/p>\n<p>Die vorliegende Datenschutzrichtlinie hat zum Ziel, die Nutzer der Website dar\u00fcber zu informieren, wie ihre personenbezogenen Daten erhoben, verwendet und gesch\u00fctzt werden.<br \/><strong>1. Verantwortlicher f\u00fcr die Datenverarbeitung<\/strong> <br \/>Die personenbezogenen Daten werden erhoben von: Christophe Avenas, SARL Domaine de Charrier 516 chemin du soulier, 07600 Labastide sur Besorgues moulindecharrier@gmail.com<br \/><strong>2. Erhobene Daten<\/strong> <br \/>Die auf der Website m\u00f6glicherweise erhobenen Daten umfassen:<br \/>Vor- und Nachname <br \/>E-Mail-Adresse<br \/>Telefonnummer<br \/>Postanschrift <br \/>Nachricht, die \u00fcber das Kontaktformular gesendet wurde <br \/>Navigationsdaten (\u00fcber Cookies)<br \/><strong>3. Zwecke der Datenerhebung<\/strong> <br \/>Die Daten werden f\u00fcr folgende Zwecke erhoben:<br \/>Beantwortung von Anfragen, die \u00fcber das Kontaktformular gesendet werden<br \/>Verwaltung von Informationsanfragen und Buchungen<br \/>Verbesserung der Nutzererfahrung und Analyse der Website-Besucherzahlen<br \/><strong>4. Rechtsgrundlage<\/strong> <br \/>Die Datenverarbeitung basiert auf: <br \/>Der Einwilligung des Nutzers (Formular, Cookies) <br \/>Dem berechtigten Interesse (Website-Verbesserung, Anfrageverwaltung)<br \/><strong>5. Datenempf\u00e4nger<\/strong> <br \/>Die Daten sind ausschlie\u00dflich f\u00fcr Christophe Avenas, SARL Domaine de Charrier, bestimmt. Sie k\u00f6nnen von technischen Dienstleistern (Hosting, Analysetools) im Einklang mit den geltenden Vorschriften verarbeitet werden.<br \/><strong>6. Analysetools und Cookies<\/strong> <br \/>Die Website verwendet Google Analytics zur Messung der Besucherzahlen. <br \/>Cookies k\u00f6nnen auf dem Ger\u00e4t des Nutzers gespeichert werden, um: <br \/>die Besucherzahlen der Website zu messen die angebotenen <br \/>Dienste zu verbessern Ein Zustimmungsbanner erm\u00f6glicht es dem Nutzer, Cookies bei seinem ersten Besuch zu akzeptieren oder abzulehnen.<br \/><strong>7. Aufbewahrungsdauer<\/strong> <br \/>Personenbezogene Daten werden f\u00fcr einen Zeitraum von maximal 12 Monaten ab dem letzten Kontakt aufbewahrt.<br \/><strong>8. Datensicherheit<\/strong> <br \/>Christophe Avenas, SARL Domaine de Charrier, ergreift geeignete technische und organisatorische Ma\u00dfnahmen, um die Sicherheit der personenbezogenen Daten zu gew\u00e4hrleisten.<br \/><strong>9. Rechte der Nutzer<\/strong> <br \/>Gem\u00e4\u00df der DSGVO haben Sie folgende Rechte: <br \/>Auskunftsrecht <br \/>Recht auf Berichtigung <br \/>Recht auf L\u00f6schung <br \/>Widerspruchsrecht <br \/>Recht auf Einschr\u00e4nkung der Verarbeitung <br \/>Recht auf Daten\u00fcbertragbarkeit<br \/>Sie k\u00f6nnen diese Rechte aus\u00fcben, indem Sie sich an moulindecharrier@gmail.com wenden.<br \/><strong>10. Beschwerden<\/strong> <br \/>Im Streitfall k\u00f6nnen Sie eine Beschwerde bei der zust\u00e4ndigen Beh\u00f6rde einreichen, wie z. B. der CNIL.<br \/><strong>11. \u00c4nderung der Richtlinie<\/strong> <br \/>Die vorliegende Datenschutzrichtlinie kann jederzeit ge\u00e4ndert werden, um ihre \u00dcbereinstimmung mit der geltenden Gesetzgebung zu gew\u00e4hrleisten.<\/p>\n<p><strong>Cookie-Richtlinie<\/strong><br \/>Beim Surfen auf der Website k\u00f6nnen Cookies auf dem Ger\u00e4t des Nutzers (Computer, Tablet, Smartphone) gespeichert werden.<br \/><strong>1. Was ist ein Cookie?<\/strong><br \/>Ein Cookie ist eine kleine Textdatei, die beim Besuch einer Website auf dem Ger\u00e4t des Nutzers gespeichert wird. Es erm\u00f6glicht die Wiedererkennung des Nutzers und das Sammeln von Informationen \u00fcber sein Surfverhalten. <br \/><strong>2. Arten der verwendeten Cookies<\/strong> <br \/>Die Website kann folgende Cookie-Arten verwenden: <br \/>Unbedingt erforderliche Cookies: unverzichtbar f\u00fcr das ordnungsgem\u00e4\u00dfe Funktionieren der Website Analyse-Cookies: zur Analyse der Besucherzahlen und der Nutzung der Website (\u00fcber Google Analytics)<br \/><strong>3. Zweck der Cookies<\/strong> <br \/>Die auf dieser Website verwendeten Cookies haben zum Ziel: <br \/>Die Nutzererfahrung zu verbessern <br \/>Besuchsstatistiken zu erstellen <br \/>Das Funktionieren der Website zu optimieren<br \/><strong>4. Einwilligung<\/strong> <br \/>Bei seinem ersten Besuch wird der Nutzer \u00fcber die Verwendung von Cookies \u00fcber ein Banner informiert. Er kann die Verwendung von Cookies jederzeit akzeptieren, ablehnen oder konfigurieren.<br \/><strong>5. Aufbewahrungsdauer<\/strong> <br \/>Cookies werden f\u00fcr einen Zeitraum von maximal 13 Monaten aufbewahrt.<br \/><strong>6. Verwaltung von Cookies<\/strong> <br \/>Der Nutzer kann seinen Browser so konfigurieren, dass Cookies abgelehnt werden oder er \u00fcber deren Speicherung informiert wird: <br \/>Google Chrome <br \/>Mozilla Firefox <br \/>Safari <br \/>Microsoft Edge<br \/>Die Ablehnung von Cookies kann zu einer Beeintr\u00e4chtigung der Nutzererfahrung f\u00fchren.<\/p>\n<p>[\/et_pb_text][\/et_pb_column][\/et_pb_row][\/et_pb_section]<\/p>\n","protected":false},"excerpt":{"rendered":"<p>Die vorliegende Datenschutzrichtlinie hat zum Ziel, die Nutzer der Website dar\u00fcber zu informieren, wie ihre personenbezogenen Daten erhoben, verwendet und gesch\u00fctzt werden.1. Verantwortlicher f\u00fcr die Datenverarbeitung Die personenbezogenen Daten werden erhoben von: Christophe Avenas, SARL Domaine de Charrier 516 chemin du soulier, 07600 Labastide sur Besorgues moulindecharrier@gmail.com2. Erhobene Daten Die auf der Website m\u00f6glicherweise erhobenen [&hellip;]<\/p>\n","protected":false},"author":1,"featured_media":0,"parent":0,"menu_order":0,"comment_status":"closed","ping_status":"closed","template":"","meta":{"_et_pb_use_builder":"on","_et_pb_old_content":"","_et_gb_content_width":"","footnotes":""},"class_list":["post-2664","page","type-page","status-publish","hentry"],"_links":{"self":[{"href":"https:\/\/moulindecharrier.com\/de\/wp-json\/wp\/v2\/pages\/2664","targetHints":{"allow":["GET"]}}],"collection":[{"href":"https:\/\/moulindecharrier.com\/de\/wp-json\/wp\/v2\/pages"}],"about":[{"href":"https:\/\/moulindecharrier.com\/de\/wp-json\/wp\/v2\/types\/page"}],"author":[{"embeddable":true,"href":"https:\/\/moulindecharrier.com\/de\/wp-json\/wp\/v2\/users\/1"}],"replies":[{"embeddable":true,"href":"https:\/\/moulindecharrier.com\/de\/wp-json\/wp\/v2\/comments?post=2664"}],"version-history":[{"count":4,"href":"https:\/\/moulindecharrier.com\/de\/wp-json\/wp\/v2\/pages\/2664\/revisions"}],"predecessor-version":[{"id":3077,"href":"https:\/\/moulindecharrier.com\/de\/wp-json\/wp\/v2\/pages\/2664\/revisions\/3077"}],"wp:attachment":[{"href":"https:\/\/moulindecharrier.com\/de\/wp-json\/wp\/v2\/media?parent=2664"}],"curies":[{"name":"wp","href":"https:\/\/api.w.org\/{rel}","templated":true}]}}