{"id":2437,"date":"2026-04-14T09:28:17","date_gmt":"2026-04-14T09:28:17","guid":{"rendered":"https:\/\/moulindecharrier.com\/contact\/"},"modified":"2026-04-28T11:11:56","modified_gmt":"2026-04-28T11:11:56","slug":"contact","status":"publish","type":"page","link":"https:\/\/moulindecharrier.com\/en\/contact\/","title":{"rendered":"Contact"},"content":{"rendered":"<p>[et_pb_section fb_built=&#8221;1&#8243; _builder_version=&#8221;4.27.6&#8243; _module_preset=&#8221;default&#8221; background_color=&#8221;#edf0df&#8221; custom_margin=&#8221;||||false|false&#8221; custom_padding=&#8221;||80px||false|false&#8221; saved_tabs=&#8221;all&#8221; global_colors_info=&#8221;{}&#8221;][et_pb_row _builder_version=&#8221;4.27.6&#8243; _module_preset=&#8221;default&#8221; width=&#8221;50%&#8221; width_tablet=&#8221;88%&#8221; width_phone=&#8221;91%&#8221; width_last_edited=&#8221;on|tablet&#8221; global_colors_info=&#8221;{}&#8221;][et_pb_column type=&#8221;4_4&#8243; _builder_version=&#8221;4.27.6&#8243; _module_preset=&#8221;default&#8221; global_colors_info=&#8221;{}&#8221;][et_pb_heading title=&#8221;Contact&#8221; _builder_version=&#8221;4.27.6&#8243; _module_preset=&#8221;default&#8221; title_font=&#8221;|||on|||||&#8221; title_text_align=&#8221;center&#8221; title_text_color=&#8221;#363836&#8243; title_font_size=&#8221;60px&#8221; hover_enabled=&#8221;0&#8243; global_colors_info=&#8221;{}&#8221; title_font_size_last_edited=&#8221;on|phone&#8221; sticky_enabled=&#8221;0&#8243; title_font_size_phone=&#8221;47px&#8221; title_font_size_tablet=&#8221;60px&#8221;][\/et_pb_heading][\/et_pb_column][\/et_pb_row][et_pb_row _builder_version=&#8221;4.27.6&#8243; _module_preset=&#8221;default&#8221; background_enable_color=&#8221;off&#8221; width=&#8221;65%&#8221; max_width=&#8221;100%&#8221; box_shadow_style=&#8221;preset1&#8243; box_shadow_vertical=&#8221;0px&#8221; box_shadow_blur=&#8221;0px&#8221; global_colors_info=&#8221;{}&#8221;][et_pb_column type=&#8221;4_4&#8243; _builder_version=&#8221;4.27.6&#8243; _module_preset=&#8221;default&#8221; global_colors_info=&#8221;{}&#8221;][et_pb_code _builder_version=&#8221;4.27.6&#8243; _module_preset=&#8221;default&#8221; global_colors_info=&#8221;{}&#8221;]<link href=\"https:\/\/fonts.googleapis.com\/css2?family=Raleway:wght@600&amp;family=Averia+Libre:wght@700&amp;display=swap\" rel=\"stylesheet\"><!-- [et_pb_line_break_holder] --><!-- [et_pb_line_break_holder] --><\/p>\n<style><!-- [et_pb_line_break_holder] -->  #formulaire-contact .form-wrap { max-width: 680px; margin: 0 auto; padding: 1.5rem 0; font-family: 'Raleway', sans-serif; font-weight: 600; color: #363836; }<!-- [et_pb_line_break_holder] -->  #formulaire-contact .form-grid { display: grid; grid-template-columns: 1fr 1fr; gap: 16px; }<!-- [et_pb_line_break_holder] -->  #formulaire-contact .form-grid.full { grid-template-columns: 1fr; }<!-- [et_pb_line_break_holder] -->  #formulaire-contact .field { display: flex; flex-direction: column; gap: 6px; }<!-- [et_pb_line_break_holder] -->  #formulaire-contact label { font-size: 13px; font-weight: 600; color: #363836; text-transform: uppercase; letter-spacing: 0.05em; }<!-- [et_pb_line_break_holder] -->  #formulaire-contact input, #formulaire-contact select, #formulaire-contact textarea {<!-- [et_pb_line_break_holder] -->    background: #fff;<!-- [et_pb_line_break_holder] -->    border: 1px solid #ddd;<!-- [et_pb_line_break_holder] -->    border-radius: 0;<!-- [et_pb_line_break_holder] -->    padding: 10px 14px;<!-- [et_pb_line_break_holder] -->    font-size: 15px;<!-- [et_pb_line_break_holder] -->    color: #363836;<!-- [et_pb_line_break_holder] -->    font-family: 'Raleway', sans-serif;<!-- [et_pb_line_break_holder] -->    font-weight: 600;<!-- [et_pb_line_break_holder] -->    width: 100%;<!-- [et_pb_line_break_holder] -->    box-sizing: border-box;<!-- [et_pb_line_break_holder] -->    transition: border-color 0.15s;<!-- [et_pb_line_break_holder] -->  }<!-- [et_pb_line_break_holder] -->  #formulaire-contact input:focus, #formulaire-contact select:focus, #formulaire-contact textarea:focus {<!-- [et_pb_line_break_holder] -->    outline: none;<!-- [et_pb_line_break_holder] -->    border-color: #c24f2e;<!-- [et_pb_line_break_holder] -->    box-shadow: 0 0 0 2px rgba(194,79,46,0.12);<!-- [et_pb_line_break_holder] -->  }<!-- [et_pb_line_break_holder] -->  #formulaire-contact textarea { min-height: 110px; resize: vertical; }<!-- [et_pb_line_break_holder] -->  #formulaire-contact .section-title {<!-- [et_pb_line_break_holder] -->    font-family: 'Averia Libre', serif;<!-- [et_pb_line_break_holder] -->    font-weight: 700;<!-- [et_pb_line_break_holder] -->    font-size: 35px;<!-- [et_pb_line_break_holder] -->    color: #363836;<!-- [et_pb_line_break_holder] -->    margin: 1.5rem 0 0.75rem;<!-- [et_pb_line_break_holder] -->    padding-bottom: 8px;<!-- [et_pb_line_break_holder] -->    border-bottom: 1px solid #363836;<!-- [et_pb_line_break_holder] -->    text-transform: none;<!-- [et_pb_line_break_holder] -->    letter-spacing: 0;<!-- [et_pb_line_break_holder] -->  }<!-- [et_pb_line_break_holder] -->  #formulaire-contact .form-btn {<!-- [et_pb_line_break_holder] -->    background: #c24f2e;<!-- [et_pb_line_break_holder] -->    color: #fff;<!-- [et_pb_line_break_holder] -->    border: none;<!-- [et_pb_line_break_holder] -->    border-radius: 0;<!-- [et_pb_line_break_holder] -->    padding: 12px 32px;<!-- [et_pb_line_break_holder] -->    font-family: 'Raleway', sans-serif;<!-- [et_pb_line_break_holder] -->    font-size: 12px;<!-- [et_pb_line_break_holder] -->    font-weight: 600;<!-- [et_pb_line_break_holder] -->    letter-spacing: 0.1em;<!-- [et_pb_line_break_holder] -->    text-transform: uppercase;<!-- [et_pb_line_break_holder] -->    cursor: pointer;<!-- [et_pb_line_break_holder] -->    transition: background 0.15s, transform 0.1s;<!-- [et_pb_line_break_holder] -->    margin-top: 1.5rem;<!-- [et_pb_line_break_holder] -->  }<!-- [et_pb_line_break_holder] -->  #formulaire-contact .form-btn:hover { background: #a83f22; }<!-- [et_pb_line_break_holder] -->  #formulaire-contact .form-btn:active { transform: scale(0.98); }<!-- [et_pb_line_break_holder] -->  #formulaire-contact .form-success { display: none; background: #eaf3de; border: 1px solid #97c459; border-radius: 0; padding: 16px; color: #3b6d11; font-size: 14px; margin-top: 1rem; }<!-- [et_pb_line_break_holder] -->  @media (max-width: 768px) {<!-- [et_pb_line_break_holder] -->    #formulaire-contact .form-grid { grid-template-columns: 1fr !important; }<!-- [et_pb_line_break_holder] -->    #formulaire-contact .form-wrap { padding: 1rem 0; }<!-- [et_pb_line_break_holder] -->    #formulaire-contact input, #formulaire-contact select, #formulaire-contact textarea { font-size: 16px; }<!-- [et_pb_line_break_holder] -->  }<!-- [et_pb_line_break_holder] --><\/style>\n<p><!-- [et_pb_line_break_holder] --><!-- [et_pb_line_break_holder] --><\/p>\n<div id=\"formulaire-contact\"><!-- [et_pb_line_break_holder] -->  <\/p>\n<div class=\"form-wrap\"><!-- [et_pb_line_break_holder] -->    <pee class=\"section-title\">Your contact details<\/pee><!-- [et_pb_line_break_holder] -->    <\/p>\n<div class=\"form-grid\"><!-- [et_pb_line_break_holder] -->      <\/p>\n<div class=\"field\"><label for=\"prenom\">First name<\/label><input type=\"text\" id=\"prenom\" name=\"prenom\" placeholder=\"Mary\" required=\"\"><\/div>\n<p><!-- [et_pb_line_break_holder] -->      <\/p>\n<div class=\"field\"><label for=\"nom\">Last name<\/label><input type=\"text\" id=\"nom\" name=\"nom\" placeholder=\"Jones\" required=\"\"><\/div>\n<p><!-- [et_pb_line_break_holder] -->    <\/div>\n<p><!-- [et_pb_line_break_holder] -->    <\/p>\n<div class=\"form-grid\" style=\"margin-top:16px\"><!-- [et_pb_line_break_holder] -->      <\/p>\n<div class=\"field\"><label for=\"email\">E-mail<\/label><input type=\"email\" id=\"email\" name=\"email\" placeholder=\"marie@exemple.fr\" required=\"\"><\/div>\n<p><!-- [et_pb_line_break_holder] -->      <\/p>\n<div class=\"field\"><label for=\"telephone\">Phone number<\/label><input type=\"tel\" id=\"telephone\" name=\"telephone\" placeholder=\"+33 6 12 34 56 78\" required=\"\"><\/div>\n<p><!-- [et_pb_line_break_holder] -->    <\/div>\n<p><!-- [et_pb_line_break_holder] -->    <\/p>\n<div class=\"form-grid full\" style=\"margin-top:16px\"><!-- [et_pb_line_break_holder] -->      <\/p>\n<div class=\"field\"><label for=\"adresse\">Address<\/label><input type=\"text\" id=\"adresse\" name=\"adresse\" placeholder=\"12 rue des Lilas, 75000 Paris\"><\/div>\n<p><!-- [et_pb_line_break_holder] -->    <\/div>\n<p><!-- [et_pb_line_break_holder] --><!-- [et_pb_line_break_holder] -->    <pee class=\"section-title\">Your stay<\/pee><!-- [et_pb_line_break_holder] -->    <\/p>\n<div class=\"form-grid\"><!-- [et_pb_line_break_holder] -->      <\/p>\n<div class=\"field\"><label for=\"hebergement\">Accommodation<\/label><!-- [et_pb_line_break_holder] -->        <select id=\"hebergement\" name=\"hebergement\"><!-- [et_pb_line_break_holder] --><option value=\"\">&#8212; Choose &#8212;<\/option><!-- [et_pb_line_break_holder] --><option>Group cottage<\/option><!-- [et_pb_line_break_holder] --><option>Bed &amp; breakfast rooms<\/option><!-- [et_pb_line_break_holder] --><option>Hut<\/option><!-- [et_pb_line_break_holder] --><option>Campsite<\/option><!-- [et_pb_line_break_holder] -->        <\/select><!-- [et_pb_line_break_holder] -->      <\/div>\n<p><!-- [et_pb_line_break_holder] -->      <\/p>\n<div class=\"field\"><label for=\"personnes\">Total number of persons<\/label><input type=\"number\" id=\"personnes\" name=\"personnes\" min=\"1\" max=\"50\" placeholder=\"4\"><\/div>\n<p><!-- [et_pb_line_break_holder] -->    <\/div>\n<p><!-- [et_pb_line_break_holder] -->    <\/p>\n<div class=\"form-grid\" style=\"margin-top:16px\"><!-- [et_pb_line_break_holder] -->      <\/p>\n<div class=\"field\"><label for=\"nb_enfants\">Including children<\/label><input type=\"number\" id=\"nb_enfants\" name=\"nb_enfants\" min=\"0\" max=\"20\" placeholder=\"0\"><\/div>\n<p><!-- [et_pb_line_break_holder] -->      <\/p>\n<div class=\"field\"><label for=\"age_enfants\">Aged<\/label><input type=\"text\" id=\"age_enfants\" name=\"age_enfants\" placeholder=\"ex : 3, 7 and 10 years old\"><\/div>\n<p><!-- [et_pb_line_break_holder] -->    <\/div>\n<p><!-- [et_pb_line_break_holder] -->    <\/p>\n<div class=\"form-grid\" style=\"margin-top:16px\"><!-- [et_pb_line_break_holder] -->      <\/p>\n<div class=\"field\"><label for=\"arrivee\">Arrival date<\/label><input type=\"date\" id=\"arrivee\" name=\"arrivee\" required=\"\"><\/div>\n<p><!-- [et_pb_line_break_holder] -->      <\/p>\n<div class=\"field\"><label for=\"depart\">Departure date<\/label><input type=\"date\" id=\"depart\" name=\"depart\" required=\"\"><\/div>\n<p><!-- [et_pb_line_break_holder] -->    <\/div>\n<p><!-- [et_pb_line_break_holder] --><!-- [et_pb_line_break_holder] -->    <pee class=\"section-title\">Message<\/pee><!-- [et_pb_line_break_holder] -->    <\/p>\n<div class=\"field\"><!-- [et_pb_line_break_holder] -->      <label for=\"message\">Your message<\/label><!-- [et_pb_line_break_holder] -->      <textarea id=\"message\" name=\"message\" placeholder=\"Please provide any information relevant to your request\u2026\"><\/textarea><!-- [et_pb_line_break_holder] -->    <\/div>\n<p><!-- [et_pb_line_break_holder] --><!-- [et_pb_line_break_holder] -->    <button class=\"form-btn\" onclick=\"sendMoulinForm()\">Send my request<\/button><!-- [et_pb_line_break_holder] -->    <\/p>\n<div class=\"form-success\" id=\"form-success\">Thank you! Your message has been successfully sent. We will get back to you as soon as possible.  <\/div>\n<p><!-- [et_pb_line_break_holder] -->  <\/div>\n<p><!-- [et_pb_line_break_holder] --><\/div>\n<p><!-- [et_pb_line_break_holder] --><!-- [et_pb_line_break_holder] --><script><!-- [et_pb_line_break_holder] -->async function sendMoulinForm() {<!-- [et_pb_line_break_holder] -->const fields = ['prenom','nom','email','telephone','arrivee','depart'];<!-- [et_pb_line_break_holder] -->  for (const f of fields) {<!-- [et_pb_line_break_holder] -->    if (!document.getElementById(f).value) {<!-- [et_pb_line_break_holder] -->      alert('Merci de remplir tous les champs obligatoires (pr\u00e9nom, nom, email, dates).');<!-- [et_pb_line_break_holder] -->      return;<!-- [et_pb_line_break_holder] -->    }<!-- [et_pb_line_break_holder] -->  }<!-- [et_pb_line_break_holder] -->  const data = {};<!-- [et_pb_line_break_holder] -->  ['prenom','nom','email','telephone','adresse','hebergement','personnes','nb_enfants','age_enfants','arrivee','depart','message']<!-- [et_pb_line_break_holder] -->    .forEach(f => data[f] = document.getElementById(f).value);<!-- [et_pb_line_break_holder] -->  const btn = document.querySelector('.form-btn');<!-- [et_pb_line_break_holder] -->  btn.textContent = 'Envoi en cours\u2026';<!-- [et_pb_line_break_holder] -->  btn.disabled = true;<!-- [et_pb_line_break_holder] -->  try {<!-- [et_pb_line_break_holder] -->    const res = await fetch('https:\/\/formspree.io\/f\/xgorvodj', {<!-- [et_pb_line_break_holder] -->      method: 'POST',<!-- [et_pb_line_break_holder] -->      headers: { 'Content-Type': 'application\/json', 'Accept': 'application\/json' },<!-- [et_pb_line_break_holder] -->      body: JSON.stringify(data)<!-- [et_pb_line_break_holder] -->    });<!-- [et_pb_line_break_holder] -->    if (res.ok) {<!-- [et_pb_line_break_holder] -->      document.getElementById('form-success').style.display = 'block';<!-- [et_pb_line_break_holder] -->      btn.style.display = 'none';<!-- [et_pb_line_break_holder] -->    } else {<!-- [et_pb_line_break_holder] -->      alert(\"Une erreur s'est produite. Merci de r\u00e9essayer.\");<!-- [et_pb_line_break_holder] -->      btn.textContent = 'Envoyer ma demande';<!-- [et_pb_line_break_holder] -->      btn.disabled = false;<!-- [et_pb_line_break_holder] -->    }<!-- [et_pb_line_break_holder] -->  } catch(e) {<!-- [et_pb_line_break_holder] -->    alert(\"Erreur r\u00e9seau. Merci de r\u00e9essayer.\");<!-- [et_pb_line_break_holder] -->    btn.textContent = 'Envoyer ma demande';<!-- [et_pb_line_break_holder] -->    btn.disabled = false;<!-- [et_pb_line_break_holder] -->  }<!-- [et_pb_line_break_holder] -->}<!-- [et_pb_line_break_holder] --><\/script>[\/et_pb_code][\/et_pb_column][\/et_pb_row][\/et_pb_section][et_pb_section fb_built=&#8221;1&#8243; _builder_version=&#8221;4.27.6&#8243; _module_preset=&#8221;default&#8221; background_color=&#8221;#edf0df&#8221; custom_margin=&#8221;0px||0px||false|false&#8221; custom_padding=&#8221;0px||0px||false|false&#8221; saved_tabs=&#8221;all&#8221; global_colors_info=&#8221;{}&#8221;][et_pb_row _builder_version=&#8221;4.27.6&#8243; _module_preset=&#8221;default&#8221; global_colors_info=&#8221;{}&#8221;][et_pb_column type=&#8221;4_4&#8243; _builder_version=&#8221;4.27.6&#8243; _module_preset=&#8221;default&#8221; global_colors_info=&#8221;{}&#8221;][et_pb_heading title=&#8221;Access&#8221; _builder_version=&#8221;4.27.6&#8243; _module_preset=&#8221;default&#8221; title_level=&#8221;h2&#8243; title_text_align=&#8221;center&#8221; title_text_color=&#8221;#363836&#8243; title_font_size=&#8221;40px&#8221; global_colors_info=&#8221;{}&#8221;][\/et_pb_heading][et_pb_code _builder_version=&#8221;4.27.6&#8243; _module_preset=&#8221;default&#8221; background_color=&#8221;#edf0df&#8221; width=&#8221;100%&#8221; max_width=&#8221;100%&#8221; module_alignment=&#8221;center&#8221; global_colors_info=&#8221;{}&#8221;]<iframe src=\"https:\/\/www.google.com\/maps\/embed?pb=!1m18!1m12!1m3!1d2834.184480693744!2d4.294544076674873!3d44.736252971071366!2m3!1f0!2f0!3f0!3m2!1i1024!2i768!4f13.1!3m3!1m2!1s0x12b4df091250cec1%3A0x5057c9c443364f46!2sCamping%20le%20Moulin%20de%20Charrier!5e0!3m2!1sen!2sfr!4v1776174582584!5m2!1sen!2sfr\" width=\"1200\" height=\"450\" style=\"border:0;\" allowfullscreen=\"\" loading=\"lazy\" referrerpolicy=\"no-referrer-when-downgrade\"><\/iframe>[\/et_pb_code][\/et_pb_column][\/et_pb_row][\/et_pb_section][et_pb_section fb_built=&#8221;1&#8243; _builder_version=&#8221;4.27.6&#8243; _module_preset=&#8221;default&#8221; background_color=&#8221;#edf0df&#8221; custom_margin=&#8221;||||false|false&#8221; custom_padding=&#8221;0px||||false|false&#8221; saved_tabs=&#8221;all&#8221; global_colors_info=&#8221;{}&#8221;][et_pb_row column_structure=&#8221;1_2,1_2&#8243; _builder_version=&#8221;4.27.6&#8243; _module_preset=&#8221;default&#8221; global_colors_info=&#8221;{}&#8221;][et_pb_column type=&#8221;1_2&#8243; _builder_version=&#8221;4.27.6&#8243; _module_preset=&#8221;default&#8221; global_colors_info=&#8221;{}&#8221;][et_pb_blurb title=&#8221;Key distances&#8221; _builder_version=&#8221;4.27.6&#8243; _module_preset=&#8221;default&#8221; header_text_color=&#8221;#363836&#8243; header_font_size=&#8221;27px&#8221; header_line_height=&#8221;2.2em&#8221; header_line_height_tablet=&#8221;2.2em&#8221; header_line_height_phone=&#8221;1.4em&#8221; header_line_height_last_edited=&#8221;on|phone&#8221; global_colors_info=&#8221;{}&#8221;]<\/p>\n<p>Antraigues sur Volane : 8 km<br \/>Vals Les Bains : 14 km<br \/>Aubenas : 20 km<br \/>Le Mont Gerbier de Jonc : 24 km<br \/>Vallon Pont d\u2019Arc : 45 km<br \/>Mont\u00e9limar : 60 km<br \/>Le Puy en Velay : 76 km<br \/>Valence : 86 km<\/p>\n<p>[\/et_pb_blurb][et_pb_blurb title=&#8221;From Valence&#8221; _builder_version=&#8221;4.27.6&#8243; _module_preset=&#8221;default&#8221; header_text_color=&#8221;#363836&#8243; header_font_size=&#8221;27px&#8221; header_line_height=&#8221;2.2em&#8221; global_colors_info=&#8221;{}&#8221;]<\/p>\n<p><span>Exit the motorway at Loriol, then head towards Privas.<\/span><br \/>A<span>t Privas, take the direction of Aubenas. <\/span><br \/><span>Just before Aubenas, head towards Vals-les-Bains.<\/span><\/p>\n<p>[\/et_pb_blurb][et_pb_blurb title=&#8221;Depuis Mont\u00e9limar&#8221; _builder_version=&#8221;4.27.6&#8243; _module_preset=&#8221;default&#8221; header_text_color=&#8221;#363836&#8243; header_font_size=&#8221;27px&#8221; header_line_height=&#8221;2.2em&#8221; global_colors_info=&#8221;{}&#8221;]<\/p>\n<p><span>Head towards Aubenas, then at Aubenas, take the direction of Vals-les-Bains.<\/span><br \/><span>As you leave Vals-les-Bains coming from Aubenas, head towards Antra\u00efgues.<\/span><br \/>J<span>ust as you exit Vals, on your left, take the direction of the Besorgues Valley.<br \/>V<\/span>enture along the small D243 country road that follows the Besorgues Valley from Vals to Freyssenet.<br \/><span>Around a bend, you will discover the village of Labastide-sur-Besorgues, then, on your right after the hamlet of Moucheyres and before that of Freyssenet, the small road that will lead you to Le Moulin de Charrier.<\/span><\/p>\n<p>[\/et_pb_blurb][\/et_pb_column][et_pb_column type=&#8221;1_2&#8243; _builder_version=&#8221;4.27.6&#8243; _module_preset=&#8221;default&#8221; global_colors_info=&#8221;{}&#8221;][et_pb_blurb title=&#8221;From Antraigues&#8221; _builder_version=&#8221;4.27.6&#8243; _module_preset=&#8221;default&#8221; header_text_color=&#8221;#363836&#8243; header_font_size=&#8221;27px&#8221; header_line_height=&#8221;2.2em&#8221; global_colors_info=&#8221;{}&#8221;]<\/p>\n<p>Au Pont de l\u2019huile, prenez la direction d\u2019Aizac puis celle de Labastide sur Besorgues.<br \/>A Labastide, traversez la Besorgues et prenez, apr\u00e8s le pont sur votre droite la D243, direction Le Moulin de Charrier.<br \/>Apr\u00e8s le hameau de Moucheyres et avant celui de Freyssenet, vous d\u00e9couvrirez, au d\u00e9tour d\u2019un virage, sur votre droite, la petite route qui vous conduira au Moulin de Charrier.<\/p>\n<p>[\/et_pb_blurb][et_pb_blurb title=&#8221;From Le Puy en Velay&#8221; _builder_version=&#8221;4.27.6&#8243; _module_preset=&#8221;default&#8221; header_text_color=&#8221;#363836&#8243; header_font_size=&#8221;27px&#8221; header_line_height=&#8221;2.2em&#8221; global_colors_info=&#8221;{}&#8221;]<\/p>\n<p>Head towards Aubenas, then at Aubenas, take the direction of Vals-les-Bains. As you leave Vals-les-Bains coming from Aubenas, head towards Antra\u00efgues. Just as you exit Vals, on your left, take the direction of the Besorgues Valley.<\/p>\n<p>Have a good trip!<\/p>\n<p>[\/et_pb_blurb][\/et_pb_column][\/et_pb_row][\/et_pb_section][et_pb_section fb_built=&#8221;1&#8243; disabled_on=&#8221;off|off|off&#8221; module_class=&#8221;section-menu-lateral&#8221; _builder_version=&#8221;4.27.6&#8243; _module_preset=&#8221;default&#8221; global_module=&#8221;542&#8243; saved_tabs=&#8221;all&#8221; global_colors_info=&#8221;{}&#8221;][\/et_pb_section]<\/p>\n","protected":false},"excerpt":{"rendered":"<p>Antraigues sur Volane : 8 kmVals Les Bains : 14 kmAubenas : 20 kmLe Mont Gerbier de Jonc : 24 kmVallon Pont d\u2019Arc : 45 kmMont\u00e9limar : 60 kmLe Puy en Velay : 76 kmValence : 86 kmExit the motorway at Loriol, then head towards Privas.At Privas, take the direction of Aubenas. Just before Aubenas, [&hellip;]<\/p>\n","protected":false},"author":1,"featured_media":0,"parent":0,"menu_order":0,"comment_status":"closed","ping_status":"closed","template":"","meta":{"_et_pb_use_builder":"on","_et_pb_old_content":"","_et_gb_content_width":"","footnotes":""},"class_list":["post-2437","page","type-page","status-publish","hentry"],"_links":{"self":[{"href":"https:\/\/moulindecharrier.com\/en\/wp-json\/wp\/v2\/pages\/2437","targetHints":{"allow":["GET"]}}],"collection":[{"href":"https:\/\/moulindecharrier.com\/en\/wp-json\/wp\/v2\/pages"}],"about":[{"href":"https:\/\/moulindecharrier.com\/en\/wp-json\/wp\/v2\/types\/page"}],"author":[{"embeddable":true,"href":"https:\/\/moulindecharrier.com\/en\/wp-json\/wp\/v2\/users\/1"}],"replies":[{"embeddable":true,"href":"https:\/\/moulindecharrier.com\/en\/wp-json\/wp\/v2\/comments?post=2437"}],"version-history":[{"count":4,"href":"https:\/\/moulindecharrier.com\/en\/wp-json\/wp\/v2\/pages\/2437\/revisions"}],"predecessor-version":[{"id":2963,"href":"https:\/\/moulindecharrier.com\/en\/wp-json\/wp\/v2\/pages\/2437\/revisions\/2963"}],"wp:attachment":[{"href":"https:\/\/moulindecharrier.com\/en\/wp-json\/wp\/v2\/media?parent=2437"}],"curies":[{"name":"wp","href":"https:\/\/api.w.org\/{rel}","templated":true}]}}